{"id":3269,"date":"2016-07-10T13:04:23","date_gmt":"2016-07-10T11:04:23","guid":{"rendered":"http:\/\/maxallouch.fr\/wordpress\/?page_id=3269"},"modified":"2026-01-26T16:45:46","modified_gmt":"2026-01-26T15:45:46","slug":"2025-contact-us","status":"publish","type":"page","link":"https:\/\/icnm.eu\/fr\/2025-contact-us\/","title":{"rendered":"2026 CONTACT US"},"content":{"rendered":"\n<div style=\"background-color:#0b0b0b;padding-left:5%;padding-right:5%;padding-bottom:24%;padding-top:25%\" class=\"wp-block-genesis-blocks-gb-container gb-layout-hero-1 gb-block-container alignfull\"><div class=\"gb-container-inside\"><div class=\"gb-container-image-wrap\"><img decoding=\"async\" class=\"gb-container-image has-background-dim-70 has-background-dim\" src=\"https:\/\/icnm.eu\/wp-content\/uploads\/2024\/10\/ICNM-2.png\" alt=\"\"\/><\/div><div class=\"gb-container-content\" style=\"max-width:850px\">\n<h1 class=\"wp-block-heading has-text-align-center gb-white-text has-theme-palette-9-color has-text-color has-link-color has-xxlarge-font-size wp-elements-e1e45c20740eff559f94d683f4b27604\"><strong>Nous Contacter<\/strong><br><\/h1>\n\n\n\n<p><\/p>\n<\/div><\/div><\/div>\n\n\n\n<div class=\"wp-block-genesis-blocks-gb-columns gpb-slate-section-contact-box gb-layout-columns-1 gb-1-col-equal gb-columns-center alignfull\" style=\"padding-top:6em;padding-right:1em;padding-bottom:6em;padding-left:1em\"><div class=\"gb-layout-column-wrap gb-block-layout-column-gap-0 gb-is-responsive-column\" style=\"max-width:1200px\">\n<div class=\"wp-block-genesis-blocks-gb-column gb-block-layout-column\"><div class=\"gb-block-layout-column-inner has-white-background-color gb-has-custom-text-color\" style=\"padding:3em;color:#abb8c3\">\n<h5 class=\"wp-block-heading has-black-color has-text-color\" style=\"font-size:20px\">10e Congr\u00e8s Mondial ICNM 2026<br><br>Siege: 14 Avenue de l&rsquo;Op\u00e9ra<br>Paris 75001, France<br><br><strong>Secr\u00e9tariat&nbsp;<\/strong><br><a href=\"mailto:secretariat@icnmnaturopathy.eu\" target=\"_blank\" rel=\"noreferrer noopener\">secretariat<\/a>@icnm<br><br><strong><strong><strong>Comit\u00e9 Ex\u00e9cutif <\/strong><\/strong><\/strong><br><strong><strong><strong><em>&#038;<\/em>&nbsp;Ambassadeurs<\/strong><\/strong><\/strong><br><a href=\"mailto:executive.committee@icnmnaturopathy.eu\">executive.committee<\/a>@icnm<br><br><strong><strong>Pr\u00e9sidente<\/strong><\/strong><br>A.M. Narboni ND, TCM<br><a href=\"mailto:president@icnmnaturopathy.eu\">president@icnm.eu<\/a><\/h5>\n\n\n\n<p class=\"has-black-color has-text-color has-link-color has-medium-font-size wp-elements-efff4a3ab3e4371d252f5aa3f9194e77\"><br><strong>Relation<\/strong> <strong>Partenaire <\/strong><br><a href=\"olya@icnm.eu\">olya@icnm.eu<\/a><\/p>\n\n\n\n<p class=\"has-black-color has-text-color has-link-color has-medium-font-size wp-elements-daddd68f127fa5148b9161b8773e4938\"><strong>Programme Scientifique &#038; Accr\u00e9ditation<\/strong><br>Dr A. Boudet ND<br><a href=\"mailto:executive.committee@icnmnaturopathy.eu\">executive.committee@icnm.eu<\/a><\/p>\n\n\n\n<p class=\"has-black-color has-text-color has-link-color has-medium-font-size wp-elements-ae47f892e75989f0ae99a63e66205afc\"><strong><strong>Relation Universit\u00e9 &#038; Institution<\/strong><\/strong><br>A. Guepratte ND<br><a href=\"mailto:executive.committee@icnmnaturopathy.eu\">executive.committee@icnm.eu<\/a><\/p>\n\n\n\n<p class=\"has-black-color has-text-color has-link-color has-medium-font-size wp-elements-4c016b14a3bca3049a5dbddccad27966\"><strong>Communication<\/strong><br>Dr J. Hwang  ND<br><a href=\"mailto:communication@icnm.eu\" data-type=\"mailto\" data-id=\"mailto:communication@icnm.eu\">communication@icnm.eu<\/a><\/p>\n\n\n\n<p class=\"has-black-color has-text-color has-link-color has-medium-font-size wp-elements-204baa22356845760436cddddc0aeba7\"><strong>Inscription\u00a0<\/strong><br><a href=\"mailto:secretariat@icnmnaturopathy.eu\" target=\"_blank\" rel=\"noreferrer noopener\">nathalie@icnm.eu<\/a><br>+33603231111<\/p>\n\n\n\n<p class=\"has-theme-palette-6-color has-text-color has-link-color has-small-font-size wp-elements-47a1f9a4f1aa0a3f4d2dbab4dc29c431\" style=\"line-height:0.9\"><br><br><a href=\"https:\/\/icnm.eu\/fr\/2026-home-page\">HOME PAGE<\/a><br><br><\/p>\n\n\n\n<hr class=\"wp-block-separator has-css-opacity is-style-default\"\/>\n<\/div><\/div>\n<\/div><\/div>\n","protected":false},"excerpt":{"rendered":"","protected":false},"author":7,"featured_media":0,"parent":0,"menu_order":0,"comment_status":"closed","ping_status":"closed","template":"","meta":{"_kad_post_transparent":"","_kad_post_title":"","_kad_post_layout":"","_kad_post_sidebar_id":"","_kad_post_content_style":"","_kad_post_vertical_padding":"","_kad_post_feature":"","_kad_post_feature_position":"","_kad_post_header":false,"_kad_post_footer":false,"footnotes":""},"class_list":["post-3269","page","type-page","status-publish","hentry"],"yoast_head":"<!-- This site is optimized with the Yoast SEO plugin v24.5 - https:\/\/yoast.com\/wordpress\/plugins\/seo\/ -->\n<title>ICNM WORLD CONGRESS Integrative &amp; Naturopathic Medicine<\/title>\n<meta name=\"description\" content=\"The Future of Medicine. 9th Integrative &amp; Naturopathic Medicine World Congress +Expo. ICNM, July 4-6, 2025, PARIS. Education Comes First !\" \/>\n<meta name=\"robots\" content=\"index, follow, max-snippet:-1, max-image-preview:large, max-video-preview:-1\" \/>\n<link rel=\"canonical\" href=\"https:\/\/icnm.eu\/fr\/2025-contact-us\/\" \/>\n<meta property=\"og:locale\" content=\"fr_FR\" \/>\n<meta property=\"og:locale:alternate\" content=\"en_US\" \/>\n<meta property=\"og:type\" content=\"article\" \/>\n<meta property=\"og:title\" content=\"ICNM WORLD CONGRESS Integrative &amp; Naturopathic Medicine\" \/>\n<meta property=\"og:description\" content=\"The Future of Medicine. 9th Integrative &amp; Naturopathic Medicine World Congress +Expo. ICNM, July 4-6, 2025, PARIS. Education Comes First !\" \/>\n<meta property=\"og:url\" content=\"https:\/\/icnm.eu\/fr\/2025-contact-us\/\" \/>\n<meta property=\"og:site_name\" content=\"10th ICNM WORLD CONGRESS 2026\" \/>\n<meta property=\"article:publisher\" content=\"https:\/\/www.facebook.com\/icnmnaturopathy.eu\/\" \/>\n<meta property=\"article:modified_time\" content=\"2026-01-26T15:45:46+00:00\" \/>\n<meta property=\"og:image\" content=\"https:\/\/icnm.eu\/wp-content\/uploads\/2024\/10\/ICNM-2.png\" \/>\n<meta name=\"twitter:card\" content=\"summary_large_image\" \/>\n<meta name=\"twitter:label1\" content=\"Est. reading time\" \/>\n\t<meta name=\"twitter:data1\" content=\"1 minute\" \/>\n<script type=\"application\/ld+json\" class=\"yoast-schema-graph\">{\"@context\":\"https:\/\/schema.org\",\"@graph\":[{\"@type\":\"WebPage\",\"@id\":\"https:\/\/icnm.eu\/fr\/2025-contact-us\/\",\"url\":\"https:\/\/icnm.eu\/fr\/2025-contact-us\/\",\"name\":\"ICNM WORLD CONGRESS Integrative & Naturopathic Medicine\",\"isPartOf\":{\"@id\":\"https:\/\/icnm.eu\/#website\"},\"primaryImageOfPage\":{\"@id\":\"https:\/\/icnm.eu\/fr\/2025-contact-us\/#primaryimage\"},\"image\":{\"@id\":\"https:\/\/icnm.eu\/fr\/2025-contact-us\/#primaryimage\"},\"thumbnailUrl\":\"https:\/\/icnm.eu\/wp-content\/uploads\/2024\/10\/ICNM-2.png\",\"datePublished\":\"2016-07-10T11:04:23+00:00\",\"dateModified\":\"2026-01-26T15:45:46+00:00\",\"description\":\"The Future of Medicine. 9th Integrative & Naturopathic Medicine World Congress +Expo. ICNM, July 4-6, 2025, PARIS. Education Comes First !\",\"breadcrumb\":{\"@id\":\"https:\/\/icnm.eu\/fr\/2025-contact-us\/#breadcrumb\"},\"inLanguage\":\"fr-FR\",\"potentialAction\":[{\"@type\":\"ReadAction\",\"target\":[\"https:\/\/icnm.eu\/fr\/2025-contact-us\/\"]}]},{\"@type\":\"ImageObject\",\"inLanguage\":\"fr-FR\",\"@id\":\"https:\/\/icnm.eu\/fr\/2025-contact-us\/#primaryimage\",\"url\":\"https:\/\/icnm.eu\/wp-content\/uploads\/2024\/10\/ICNM-2.png\",\"contentUrl\":\"https:\/\/icnm.eu\/wp-content\/uploads\/2024\/10\/ICNM-2.png\"},{\"@type\":\"BreadcrumbList\",\"@id\":\"https:\/\/icnm.eu\/fr\/2025-contact-us\/#breadcrumb\",\"itemListElement\":[{\"@type\":\"ListItem\",\"position\":1,\"name\":\"Home\",\"item\":\"https:\/\/icnm.eu\/fr\/\"},{\"@type\":\"ListItem\",\"position\":2,\"name\":\"2026 CONTACT US\"}]},{\"@type\":\"WebSite\",\"@id\":\"https:\/\/icnm.eu\/#website\",\"url\":\"https:\/\/icnm.eu\/\",\"name\":\"ICNM PARIS '25\",\"description\":\"Integrative & Naturopathic Medicine + Expo\",\"potentialAction\":[{\"@type\":\"SearchAction\",\"target\":{\"@type\":\"EntryPoint\",\"urlTemplate\":\"https:\/\/icnm.eu\/?s={search_term_string}\"},\"query-input\":{\"@type\":\"PropertyValueSpecification\",\"valueRequired\":true,\"valueName\":\"search_term_string\"}}],\"inLanguage\":\"fr-FR\"}]}<\/script>\n<!-- \/ Yoast SEO plugin. -->","yoast_head_json":{"title":"ICNM WORLD CONGRESS Integrative & Naturopathic Medicine","description":"The Future of Medicine. 9th Integrative & Naturopathic Medicine World Congress +Expo. ICNM, July 4-6, 2025, PARIS. Education Comes First !","robots":{"index":"index","follow":"follow","max-snippet":"max-snippet:-1","max-image-preview":"max-image-preview:large","max-video-preview":"max-video-preview:-1"},"canonical":"https:\/\/icnm.eu\/fr\/2025-contact-us\/","og_locale":"fr_FR","og_type":"article","og_title":"[:en]ICNM WORLD CONGRESS Integrative & Naturopathic Medicine[:fr]ICNM WORLD CONGRESS Integrative & Naturopathic Medicine[:]","og_description":"[:en]The Future of Medicine. 9th Integrative & Naturopathic Medicine World Congress +Expo. ICNM, July 4-6, 2025, PARIS. Education Comes First ![:fr]The Future of Medicine. 9th Integrative & Naturopathic Medicine World Congress +Expo. ICNM, July 4-6, 2025, PARIS. Education Comes First ![:]","og_url":"https:\/\/icnm.eu\/fr\/2025-contact-us\/","og_site_name":"10th ICNM WORLD CONGRESS 2026","article_publisher":"https:\/\/www.facebook.com\/icnmnaturopathy.eu\/","article_modified_time":"2026-01-26T15:45:46+00:00","og_image":[{"url":"https:\/\/icnm.eu\/wp-content\/uploads\/2024\/10\/ICNM-2.png","type":"","width":"","height":""}],"twitter_card":"summary_large_image","twitter_misc":{"Est. reading time":"1 minute"},"schema":{"@context":"https:\/\/schema.org","@graph":[{"@type":"WebPage","@id":"https:\/\/icnm.eu\/fr\/2025-contact-us\/","url":"https:\/\/icnm.eu\/fr\/2025-contact-us\/","name":"ICNM WORLD CONGRESS Integrative & Naturopathic Medicine","isPartOf":{"@id":"https:\/\/icnm.eu\/#website"},"primaryImageOfPage":{"@id":"https:\/\/icnm.eu\/fr\/2025-contact-us\/#primaryimage"},"image":{"@id":"https:\/\/icnm.eu\/fr\/2025-contact-us\/#primaryimage"},"thumbnailUrl":"https:\/\/icnm.eu\/wp-content\/uploads\/2024\/10\/ICNM-2.png","datePublished":"2016-07-10T11:04:23+00:00","dateModified":"2026-01-26T15:45:46+00:00","description":"The Future of Medicine. 9th Integrative & Naturopathic Medicine World Congress +Expo. ICNM, July 4-6, 2025, PARIS. Education Comes First !","breadcrumb":{"@id":"https:\/\/icnm.eu\/fr\/2025-contact-us\/#breadcrumb"},"inLanguage":"fr-FR","potentialAction":[{"@type":"ReadAction","target":["https:\/\/icnm.eu\/fr\/2025-contact-us\/"]}]},{"@type":"ImageObject","inLanguage":"fr-FR","@id":"https:\/\/icnm.eu\/fr\/2025-contact-us\/#primaryimage","url":"https:\/\/icnm.eu\/wp-content\/uploads\/2024\/10\/ICNM-2.png","contentUrl":"https:\/\/icnm.eu\/wp-content\/uploads\/2024\/10\/ICNM-2.png"},{"@type":"BreadcrumbList","@id":"https:\/\/icnm.eu\/fr\/2025-contact-us\/#breadcrumb","itemListElement":[{"@type":"ListItem","position":1,"name":"Home","item":"https:\/\/icnm.eu\/fr\/"},{"@type":"ListItem","position":2,"name":"2026 CONTACT US"}]},{"@type":"WebSite","@id":"https:\/\/icnm.eu\/#website","url":"https:\/\/icnm.eu\/","name":"ICNM PARIS '25","description":"Integrative & Naturopathic Medicine + Expo","potentialAction":[{"@type":"SearchAction","target":{"@type":"EntryPoint","urlTemplate":"https:\/\/icnm.eu\/?s={search_term_string}"},"query-input":{"@type":"PropertyValueSpecification","valueRequired":true,"valueName":"search_term_string"}}],"inLanguage":"fr-FR"}]}},"featured_image_src":null,"featured_image_src_square":null,"_links":{"self":[{"href":"https:\/\/icnm.eu\/fr\/wp-json\/wp\/v2\/pages\/3269","targetHints":{"allow":["GET"]}}],"collection":[{"href":"https:\/\/icnm.eu\/fr\/wp-json\/wp\/v2\/pages"}],"about":[{"href":"https:\/\/icnm.eu\/fr\/wp-json\/wp\/v2\/types\/page"}],"author":[{"embeddable":true,"href":"https:\/\/icnm.eu\/fr\/wp-json\/wp\/v2\/users\/7"}],"replies":[{"embeddable":true,"href":"https:\/\/icnm.eu\/fr\/wp-json\/wp\/v2\/comments?post=3269"}],"version-history":[{"count":0,"href":"https:\/\/icnm.eu\/fr\/wp-json\/wp\/v2\/pages\/3269\/revisions"}],"wp:attachment":[{"href":"https:\/\/icnm.eu\/fr\/wp-json\/wp\/v2\/media?parent=3269"}],"curies":[{"name":"wp","href":"https:\/\/api.w.org\/{rel}","templated":true}]}}