{"id":3041,"date":"2016-06-16T11:54:36","date_gmt":"2016-06-16T09:54:36","guid":{"rendered":"http:\/\/localhost:8888\/wordpress\/?page_id=3041"},"modified":"2026-04-09T17:31:05","modified_gmt":"2026-04-09T15:31:05","slug":"2026-about-icnm-world-congress","status":"publish","type":"page","link":"https:\/\/icnm.eu\/fr\/2026-about-icnm-world-congress\/","title":{"rendered":"2026 ABOUT ICNM WORLD CONGRESS"},"content":{"rendered":"\n<div style=\"background-color:#0b0b0b;padding-left:5%;padding-right:5%;padding-bottom:27%;padding-top:27.5%\" class=\"wp-block-genesis-blocks-gb-container gb-layout-hero-1 gb-block-container alignfull\"><div class=\"gb-container-inside\"><div class=\"gb-container-image-wrap\"><img decoding=\"async\" class=\"gb-container-image has-background-dim-80 has-background-dim\" src=\"https:\/\/icnm.eu\/wp-content\/uploads\/2022\/07\/6927523-eiffel-tower-summer-1-scaled-1.jpg\" alt=\"\"\/><\/div><div class=\"gb-container-content\" style=\"max-width:850px\">\n<h1 class=\"wp-block-heading has-text-align-center gb-white-text has-theme-palette-9-color has-text-color has-link-color has-xxlarge-font-size wp-elements-bba997d1b6459a0f05166dfba91b928f\">10e Congr\u00e8s Mondial ICNM <br>&#038; Expo 2026<br><\/h1>\n\n\n\n<div class=\"wp-block-buttons is-content-justification-center is-layout-flex wp-container-core-buttons-is-layout-16018d1d wp-block-buttons-is-layout-flex\">\n<div class=\"wp-block-button is-style-fill\"><a class=\"wp-block-button__link has-background wp-element-button\" href=\"https:\/\/icnm.eu\/fr\/2026-register-early-bird\/\" style=\"background-color:#112e17\">Inscription ouverte<\/a><\/div>\n<\/div>\n\n\n\n<p class=\"has-text-align-center\"><\/p>\n<\/div><\/div><\/div>\n\n\n\n<blockquote class=\"wp-block-quote has-text-align-center is-style-plain has-large-font-size is-layout-flow wp-block-quote-is-layout-flow\">\n<h1 class=\"wp-block-heading has-medium-font-size\" style=\"line-height:1.1\"><br><em>\u00ab\u00a0Conf\u00e9rences enrichissantes, exp\u00e9rience inspirante, organisation professionnelle!\u00a0\u00bb<\/em><\/h1>\n<cite><strong>&#8211;<\/strong>&nbsp;Japan Naturopathic Medicine Society<\/cite><\/blockquote>\n\n\n\n<p class=\"has-medium-font-size\" style=\"line-height:1.3\">La m\u00e9decine du futur.<br>Port\u00e9e par les leaders mondiaux de la sant\u00e9.<\/p>\n\n\n\n<p>30+ conf\u00e9renciers de renomm\u00e9e mondiale<br>Exposition internationale<br>205 partenaires<br>55 pays repr\u00e9sent\u00e9s<br>Complet chaque ann\u00e9e<\/p>\n\n\n\n<h3 class=\"wp-block-heading\">Pourquoi participer<\/h3>\n\n\n\n<p>Le congr\u00e8s international de r\u00e9f\u00e9rence en m\u00e9decine int\u00e9grative, fonctionnelle, <br>naturopathique et pr\u00e9ventive.<br>Des contenus scientifiques de haut niveau et des strat\u00e9gies applicables imm\u00e9diatement en pratique.<\/p>\n\n\n\n<h3 class=\"wp-block-heading\">\u00c0 propos d\u2019ICNM<\/h3>\n\n\n\n<p>Organisation internationale, \u00e0 but non lucratif, d\u00e9di\u00e9e \u00e0 l\u2019enseignement sup\u00e9rieur <br>en m\u00e9decine int\u00e9grative.<br>ICNM relie l\u2019\u00e9ducation, la science et la pratique clinique gr\u00e2ce \u00e0 une collaboration mondiale.<\/p>\n\n\n\n<h3 class=\"wp-block-heading\">Rayonnement international<\/h3>\n\n\n\n<p>Pr\u00e9sent dans 55 pays.<br>Soutenu par plus de 205 organisations et universit\u00e9s internationales.<\/p>\n\n\n\n<h3 class=\"wp-block-heading\">Le Comit\u00e9 ICNM<\/h3>\n\n\n\n<p style=\"line-height:1.3\"><em>Pr\u00e9sidente du Congr\u00e8s<\/em><br>Anne M Narboni ND, Canada\/France<br><em>Comit\u00e9 Ex\u00e9cutif <\/em><br>Dr Ashley Boudet ND, \u00c9tats-Unis<br>Olivier Leost ND, Royaume-Uni<br>Dr Julie Hwang ND, Canada<br>C.E. Amey ND, Italie<br>Catherine Lilburn ND, Australie \/ NZ<br>Marie-C\u00e9line Lesp\u00e9rance ND, Canada<br>Dr Frank Song ND, \u00c9tats-Unis<br>Dominique Paradis ND, Canada<br>Dr Ameet Aggarwal ND, Kenya<br>Antoinette Guepratte ND, France<br>Dr Czeranko ND, Canada<br>Catarina Maia ND, Portugal<br>Dr David Schleich PhD, \u00c9tats-Unis<br>Martine Carretero ND, France<br>Laura Milici ND, Espagne<br>Sophie Lemoigne, Espagne<br>Elisabeth Greenwood ND, Australie<br>F. Lavandhomme ND, Belgique<br>Dr Amanda Whittal ND, Allemagne<strong> <\/strong><br><\/p>\n\n\n\n<p class=\"has-small-font-size\" style=\"line-height:1.2\">\u00c9ditions Pr\u00e9c\u00e9dentes: 2013 Paris 5-7 Juillet, 2014 Paris 4-6 Juillet, <br>2016 Barcelone 1-3 Juillet, 2017 Londres 30 Juin-2 Juillet, <br>2018 Londres 6-8 Juillet, 2019 Londres 5-7 Juillet, 2023 Paris 7-9 Juillet, <br>2024 Barcelone 5-7 Juillet, 2025 Paris 4-6 Juillet, 2026 Paris 10-11 Juillet.<\/p>\n\n\n\n<div class=\"wp-block-genesis-blocks-gb-columns gb-slate-section-team-members gb-layout-team-1 gb-slate-team gb-layout-columns-1 one-column gb-has-custom-background-color gb-has-custom-text-color gb-columns-center alignfull\" style=\"background-color:#ffffff;color:#1f1f1f\"><div class=\"gb-layout-column-wrap gb-block-layout-column-gap-2 gb-is-responsive-column\" style=\"max-width:1200px\">\n<div class=\"wp-block-genesis-blocks-gb-column gb-block-layout-column\"><div class=\"gb-block-layout-column-inner\">\n<p><\/p>\n<\/div><\/div>\n<\/div><\/div>\n\n\n\n<div style=\"background-color:#0b0b0b;padding-left:5%;padding-right:5%;padding-bottom:15%;padding-top:15%\" class=\"wp-block-genesis-blocks-gb-container gb-layout-hero-1 gb-block-container alignfull\"><div class=\"gb-container-inside\"><div class=\"gb-container-image-wrap\"><img decoding=\"async\" class=\"gb-container-image has-background-dim\" object-fit=\"cover\"  src=\"https:\/\/icnmv2prod.wpenginepowered.com\/wp-content\/uploads\/2016\/06\/10-beaux-parcs-londres-holland-kyoto.jpg\" alt=\"\"\/><\/div><div class=\"gb-container-content\" style=\"max-width:850px\">\n<h1 class=\"wp-block-heading has-text-align-center gb-white-text has-theme-palette-9-color has-text-color has-link-color has-larger-font-size wp-elements-8cd36d2a39a6f393029f2cb5cd218fae\">Invitation du Pr\u00e9sident<\/h1>\n<\/div><\/div><\/div>\n\n\n\n<h1 class=\"wp-block-heading has-text-align-center\" style=\"line-height:1\">Bienvenue au 10e Congr\u00e8s Mondial ICNM &#038; Expo 2026<br><\/h1>\n\n\n\n<p style=\"line-height:1.2\"><br>Chers Amis,<\/p>\n\n\n\n<p style=\"line-height:1.4\">C&rsquo;est avec un grand plaisir que je vous annonce que le 10e Congr\u00e8s Mondial ICNM et son Salon International se d\u00e9rouleront \u00e0 <br>Paris les 10-11 juillet, 2026. Cet \u00e9v\u00e9nement majeur est organis\u00e9 en collaboration avec 205 prestigieuses organisations de sant\u00e9 et universit\u00e9s.<\/p>\n\n\n\n<p style=\"line-height:1.4\">ICNM repr\u00e9sente aujourd&rsquo;hui la plus grande plateforme mondiale pour les professionnels de sant\u00e9, rassemblant des participants de 55 pays. <br>Nous sommes impatients de d\u00e9voiler 48 nouvelles recherches et d&rsquo;accueillir 30 conf\u00e9renciers-experts de renomm\u00e9e internationale. <br>De plus, notre espace d\u00e9di\u00e9 aux universit\u00e9s et associations, ainsi que notre Salon International innovant, offriront de nombreuses opportunit\u00e9s <br>d&rsquo;\u00e9changes et de collaboration.<br><br>Le Comit\u00e9 Scientifique travaille activement \u00e0 la pr\u00e9paration d&rsquo;un programme d&rsquo;excellence, align\u00e9 sur notre engagement envers l&rsquo;innovation, <br>l&rsquo;expertise et le partage des connaissances. <br>Ce congr\u00e8s constitue une occasion unique d&rsquo;am\u00e9liorer nos pratiques professionnelles et de favoriser des \u00e9changes enrichissants.<br><br>Je me r\u00e9jouis de vous accueillir \u00e0 cet \u00e9v\u00e9nement incontournable et de partager ensemble cette exp\u00e9rience enrichissante.<\/p>\n\n\n\n<p class=\"has-text-align-left\" style=\"line-height:1.1\">Chaleureusement,<br>Anne M Narboni ND, MTC<br>Pr\u00e9sidente du Congr\u00e8s<br><\/p>\n\n\n<div class=\"wp-block-image\">\n<figure class=\"alignleft size-full is-resized\"><img loading=\"lazy\" decoding=\"async\" width=\"200\" height=\"73\" src=\"https:\/\/icnmv2prod.wpenginepowered.com\/wp-content\/uploads\/2016\/06\/signature_transparent_small.png\" alt=\"\" class=\"wp-image-7449\" style=\"width:200px;height:auto\"\/><\/figure>\n<\/div>","protected":false},"excerpt":{"rendered":"<p>\u00ab\u00a0Conf\u00e9rences enrichissantes, exp\u00e9rience inspirante, organisation professionnelle!\u00a0\u00bb &#8211;&nbsp;Japan Naturopathic Medicine Society La m\u00e9decine du futur.Port\u00e9e par les leaders mondiaux de la sant\u00e9. 30+ conf\u00e9renciers de renomm\u00e9e mondialeExposition internationale205 partenaires55 pays repr\u00e9sent\u00e9sComplet chaque ann\u00e9e Pourquoi participer Le congr\u00e8s international de r\u00e9f\u00e9rence en m\u00e9decine int\u00e9grative, fonctionnelle, naturopathique et pr\u00e9ventive.Des contenus scientifiques de haut niveau et des strat\u00e9gies applicables&#8230;<\/p>\n","protected":false},"author":7,"featured_media":0,"parent":0,"menu_order":0,"comment_status":"closed","ping_status":"closed","template":"","meta":{"_kad_post_transparent":"","_kad_post_title":"","_kad_post_layout":"","_kad_post_sidebar_id":"","_kad_post_content_style":"","_kad_post_vertical_padding":"","_kad_post_feature":"","_kad_post_feature_position":"","_kad_post_header":false,"_kad_post_footer":false,"footnotes":""},"class_list":["post-3041","page","type-page","status-publish","hentry"],"yoast_head":"<!-- This site is optimized with the Yoast SEO plugin v24.5 - https:\/\/yoast.com\/wordpress\/plugins\/seo\/ -->\n<title>ICNM WORLD CONGRESS Integrative &amp; Naturopathic Medicine<\/title>\n<meta name=\"description\" content=\"The Future of Medicine. 10th Integrative &amp; Naturopathic Medicine World Congress +Expo. ICNM, July 10-11, 2026, PARIS. Education Comes First !\" \/>\n<meta name=\"robots\" content=\"index, follow, max-snippet:-1, max-image-preview:large, max-video-preview:-1\" \/>\n<link rel=\"canonical\" href=\"https:\/\/icnm.eu\/fr\/2026-about-icnm-world-congress\/\" \/>\n<meta property=\"og:locale\" content=\"fr_FR\" \/>\n<meta property=\"og:locale:alternate\" content=\"en_US\" \/>\n<meta property=\"og:type\" content=\"article\" \/>\n<meta property=\"og:title\" content=\"ICNM WORLD CONGRESS Integrative &amp; Naturopathic Medicine\" \/>\n<meta property=\"og:description\" content=\"The Future of Medicine. 10th Integrative &amp; Naturopathic Medicine World Congress +Expo. ICNM, July 10-11, 2026, PARIS. Education Comes First !\" \/>\n<meta property=\"og:url\" content=\"https:\/\/icnm.eu\/fr\/2026-about-icnm-world-congress\/\" \/>\n<meta property=\"og:site_name\" content=\"10th ICNM WORLD CONGRESS 2026\" \/>\n<meta property=\"article:publisher\" content=\"https:\/\/www.facebook.com\/icnmnaturopathy.eu\/\" \/>\n<meta property=\"article:modified_time\" content=\"2026-04-09T15:31:05+00:00\" \/>\n<meta property=\"og:image\" content=\"https:\/\/icnm.eu\/wp-content\/uploads\/2022\/07\/6927523-eiffel-tower-summer-1-scaled-1.jpg\" \/>\n<meta name=\"twitter:card\" content=\"summary_large_image\" \/>\n<meta name=\"twitter:label1\" content=\"Est. reading time\" \/>\n\t<meta name=\"twitter:data1\" content=\"4 minutes\" \/>\n<script type=\"application\/ld+json\" class=\"yoast-schema-graph\">{\"@context\":\"https:\/\/schema.org\",\"@graph\":[{\"@type\":\"WebPage\",\"@id\":\"https:\/\/icnm.eu\/2026-about-icnm-world-congress\/\",\"url\":\"https:\/\/icnm.eu\/2026-about-icnm-world-congress\/\",\"name\":\"ICNM WORLD CONGRESS Integrative & Naturopathic Medicine\",\"isPartOf\":{\"@id\":\"https:\/\/icnm.eu\/#website\"},\"primaryImageOfPage\":{\"@id\":\"https:\/\/icnm.eu\/2026-about-icnm-world-congress\/#primaryimage\"},\"image\":{\"@id\":\"https:\/\/icnm.eu\/2026-about-icnm-world-congress\/#primaryimage\"},\"thumbnailUrl\":\"https:\/\/icnm.eu\/wp-content\/uploads\/2022\/07\/6927523-eiffel-tower-summer-1-scaled-1.jpg\",\"datePublished\":\"2016-06-16T09:54:36+00:00\",\"dateModified\":\"2026-04-09T15:31:05+00:00\",\"description\":\"The Future of Medicine. 10th Integrative & Naturopathic Medicine World Congress +Expo. ICNM, July 10-11, 2026, PARIS. Education Comes First !\",\"breadcrumb\":{\"@id\":\"https:\/\/icnm.eu\/2026-about-icnm-world-congress\/#breadcrumb\"},\"inLanguage\":\"fr-FR\",\"potentialAction\":[{\"@type\":\"ReadAction\",\"target\":[\"https:\/\/icnm.eu\/2026-about-icnm-world-congress\/\"]}]},{\"@type\":\"ImageObject\",\"inLanguage\":\"fr-FR\",\"@id\":\"https:\/\/icnm.eu\/2026-about-icnm-world-congress\/#primaryimage\",\"url\":\"https:\/\/icnm.eu\/wp-content\/uploads\/2022\/07\/6927523-eiffel-tower-summer-1-scaled-1.jpg\",\"contentUrl\":\"https:\/\/icnm.eu\/wp-content\/uploads\/2022\/07\/6927523-eiffel-tower-summer-1-scaled-1.jpg\"},{\"@type\":\"BreadcrumbList\",\"@id\":\"https:\/\/icnm.eu\/2026-about-icnm-world-congress\/#breadcrumb\",\"itemListElement\":[{\"@type\":\"ListItem\",\"position\":1,\"name\":\"Home\",\"item\":\"https:\/\/icnm.eu\/fr\/\"},{\"@type\":\"ListItem\",\"position\":2,\"name\":\"2026 ABOUT ICNM WORLD CONGRESS\"}]},{\"@type\":\"WebSite\",\"@id\":\"https:\/\/icnm.eu\/#website\",\"url\":\"https:\/\/icnm.eu\/\",\"name\":\"ICNM PARIS '25\",\"description\":\"Integrative & Naturopathic Medicine + Expo\",\"potentialAction\":[{\"@type\":\"SearchAction\",\"target\":{\"@type\":\"EntryPoint\",\"urlTemplate\":\"https:\/\/icnm.eu\/?s={search_term_string}\"},\"query-input\":{\"@type\":\"PropertyValueSpecification\",\"valueRequired\":true,\"valueName\":\"search_term_string\"}}],\"inLanguage\":\"fr-FR\"}]}<\/script>\n<!-- \/ Yoast SEO plugin. -->","yoast_head_json":{"title":"ICNM WORLD CONGRESS Integrative & Naturopathic Medicine","description":"The Future of Medicine. 10th Integrative & Naturopathic Medicine World Congress +Expo. ICNM, July 10-11, 2026, PARIS. Education Comes First !","robots":{"index":"index","follow":"follow","max-snippet":"max-snippet:-1","max-image-preview":"max-image-preview:large","max-video-preview":"max-video-preview:-1"},"canonical":"https:\/\/icnm.eu\/fr\/2026-about-icnm-world-congress\/","og_locale":"fr_FR","og_type":"article","og_title":"[:en]ICNM WORLD CONGRESS Integrative & Naturopathic Medicine[:fr]ICNM WORLD CONGRESS Integrative & Naturopathic Medicine[:]","og_description":"[:en]The Future of Medicine. 9th Integrative & Naturopathic Medicine World Congress +Expo. ICNM, July 4-6, 2025, PARIS. Education Comes First ![:fr]The Future of Medicine. 10th Integrative & Naturopathic Medicine World Congress +Expo. ICNM, July 10-11, 2026, PARIS. Education Comes First ![:]","og_url":"https:\/\/icnm.eu\/fr\/2026-about-icnm-world-congress\/","og_site_name":"10th ICNM WORLD CONGRESS 2026","article_publisher":"https:\/\/www.facebook.com\/icnmnaturopathy.eu\/","article_modified_time":"2026-04-09T15:31:05+00:00","og_image":[{"url":"https:\/\/icnm.eu\/wp-content\/uploads\/2022\/07\/6927523-eiffel-tower-summer-1-scaled-1.jpg","type":"","width":"","height":""}],"twitter_card":"summary_large_image","twitter_misc":{"Est. reading time":"4 minutes"},"schema":{"@context":"https:\/\/schema.org","@graph":[{"@type":"WebPage","@id":"https:\/\/icnm.eu\/2026-about-icnm-world-congress\/","url":"https:\/\/icnm.eu\/2026-about-icnm-world-congress\/","name":"ICNM WORLD CONGRESS Integrative & Naturopathic Medicine","isPartOf":{"@id":"https:\/\/icnm.eu\/#website"},"primaryImageOfPage":{"@id":"https:\/\/icnm.eu\/2026-about-icnm-world-congress\/#primaryimage"},"image":{"@id":"https:\/\/icnm.eu\/2026-about-icnm-world-congress\/#primaryimage"},"thumbnailUrl":"https:\/\/icnm.eu\/wp-content\/uploads\/2022\/07\/6927523-eiffel-tower-summer-1-scaled-1.jpg","datePublished":"2016-06-16T09:54:36+00:00","dateModified":"2026-04-09T15:31:05+00:00","description":"The Future of Medicine. 10th Integrative & Naturopathic Medicine World Congress +Expo. ICNM, July 10-11, 2026, PARIS. Education Comes First !","breadcrumb":{"@id":"https:\/\/icnm.eu\/2026-about-icnm-world-congress\/#breadcrumb"},"inLanguage":"fr-FR","potentialAction":[{"@type":"ReadAction","target":["https:\/\/icnm.eu\/2026-about-icnm-world-congress\/"]}]},{"@type":"ImageObject","inLanguage":"fr-FR","@id":"https:\/\/icnm.eu\/2026-about-icnm-world-congress\/#primaryimage","url":"https:\/\/icnm.eu\/wp-content\/uploads\/2022\/07\/6927523-eiffel-tower-summer-1-scaled-1.jpg","contentUrl":"https:\/\/icnm.eu\/wp-content\/uploads\/2022\/07\/6927523-eiffel-tower-summer-1-scaled-1.jpg"},{"@type":"BreadcrumbList","@id":"https:\/\/icnm.eu\/2026-about-icnm-world-congress\/#breadcrumb","itemListElement":[{"@type":"ListItem","position":1,"name":"Home","item":"https:\/\/icnm.eu\/fr\/"},{"@type":"ListItem","position":2,"name":"2026 ABOUT ICNM WORLD CONGRESS"}]},{"@type":"WebSite","@id":"https:\/\/icnm.eu\/#website","url":"https:\/\/icnm.eu\/","name":"ICNM PARIS '25","description":"Integrative & Naturopathic Medicine + Expo","potentialAction":[{"@type":"SearchAction","target":{"@type":"EntryPoint","urlTemplate":"https:\/\/icnm.eu\/?s={search_term_string}"},"query-input":{"@type":"PropertyValueSpecification","valueRequired":true,"valueName":"search_term_string"}}],"inLanguage":"fr-FR"}]}},"featured_image_src":null,"featured_image_src_square":null,"_links":{"self":[{"href":"https:\/\/icnm.eu\/fr\/wp-json\/wp\/v2\/pages\/3041","targetHints":{"allow":["GET"]}}],"collection":[{"href":"https:\/\/icnm.eu\/fr\/wp-json\/wp\/v2\/pages"}],"about":[{"href":"https:\/\/icnm.eu\/fr\/wp-json\/wp\/v2\/types\/page"}],"author":[{"embeddable":true,"href":"https:\/\/icnm.eu\/fr\/wp-json\/wp\/v2\/users\/7"}],"replies":[{"embeddable":true,"href":"https:\/\/icnm.eu\/fr\/wp-json\/wp\/v2\/comments?post=3041"}],"version-history":[{"count":0,"href":"https:\/\/icnm.eu\/fr\/wp-json\/wp\/v2\/pages\/3041\/revisions"}],"wp:attachment":[{"href":"https:\/\/icnm.eu\/fr\/wp-json\/wp\/v2\/media?parent=3041"}],"curies":[{"name":"wp","href":"https:\/\/api.w.org\/{rel}","templated":true}]}}